{"id":357,"date":"2026-01-04T12:58:14","date_gmt":"2026-01-04T12:58:14","guid":{"rendered":"https:\/\/akpodatki.pl\/?page_id=357"},"modified":"2026-01-04T13:08:43","modified_gmt":"2026-01-04T13:08:43","slug":"oferta","status":"publish","type":"page","link":"https:\/\/akpodatki.pl\/index.php\/oferta\/","title":{"rendered":"Oferta"},"content":{"rendered":"<h1 class=\"wp-block-heading\" data-start=\"165\" data-end=\"215\">Nasza oferta dla firm i klient\u00f3w indywidualnych<\/h1>\n<p data-start=\"217\" data-end=\"456\">Nasza oferta jest skierowana do\u00a0<strong data-start=\"249\" data-end=\"293\">mikro, ma\u0142ych i \u015brednich przedsi\u0119biorstw<\/strong>\u00a0oraz\u00a0<strong data-start=\"299\" data-end=\"341\">klient\u00f3w indywidualnych z ca\u0142ej Polski<\/strong>. Obs\u0142ugujemy tak\u017ce\u00a0<strong data-start=\"361\" data-end=\"387\">klient\u00f3w zagranicznych<\/strong>, zapewniaj\u0105c kompleksowe wsparcie w zakresie podatk\u00f3w i ksi\u0119gowo\u015bci.<\/p>\n<p data-start=\"458\" data-end=\"505\">\u015awiadczymy us\u0142ugi w dw\u00f3ch g\u0142\u00f3wnych obszarach:<\/p>\n<ol data-start=\"506\" data-end=\"794\">\n<li data-start=\"506\" data-end=\"663\">\n<p data-start=\"509\" data-end=\"663\"><strong data-start=\"509\" data-end=\"532\">Doradztwo podatkowe<\/strong>\u00a0\u2013 obejmuj\u0105ce rozliczenia podatkowe dla firm krajowych i zagranicznych w zakresie podatk\u00f3w VAT, PIT, CIT, podatek od nieruchomo\u015bci, PCC, op\u0142aty \u015brodowiskowe (op\u0142aty SUP), a dla klient\u00f3w indywidualnych r\u00f3wnie\u017c w zakresie podatku od spadk\u00f3w i darowizn;<\/p>\n<\/li>\n<li data-start=\"664\" data-end=\"794\">\n<p data-start=\"667\" data-end=\"794\"><strong data-start=\"667\" data-end=\"687\">Biuro rachunkowe<\/strong>\u00a0\u2013 prowadzenie ksi\u0105g rachunkowych, ewidencji VAT, obs\u0142uga kadrowo-p\u0142acowa oraz pe\u0142na obs\u0142uga sprawozdawcza.<\/p>\n<\/li>\n<\/ol>\n<p data-start=\"796\" data-end=\"947\">Zapraszamy do zapoznania si\u0119 z nasz\u0105\u00a0<strong data-start=\"833\" data-end=\"886\">szczeg\u00f3\u0142ow\u0105 ofert\u0105 us\u0142ug podatkowych i ksi\u0119gowych<\/strong>, aby znale\u017a\u0107 rozwi\u0105zania dopasowane do Pa\u0144stwa potrzeb.<\/p>\n","protected":false},"excerpt":{"rendered":"<p>Nasza oferta dla firm i klient\u00f3w indywidualnych Nasza oferta jest skierowana do\u00a0mikro, ma\u0142ych i \u015brednich przedsi\u0119biorstw\u00a0oraz\u00a0klient\u00f3w indywidualnych z ca\u0142ej Polski. Obs\u0142ugujemy tak\u017ce\u00a0klient\u00f3w zagranicznych, zapewniaj\u0105c kompleksowe wsparcie w zakresie podatk\u00f3w i ksi\u0119gowo\u015bci. \u015awiadczymy us\u0142ugi w dw\u00f3ch g\u0142\u00f3wnych obszarach: Doradztwo podatkowe\u00a0\u2013 obejmuj\u0105ce rozliczenia podatkowe dla firm krajowych i zagranicznych w zakresie podatk\u00f3w VAT, PIT, CIT, podatek od&hellip;&nbsp;<a href=\"https:\/\/akpodatki.pl\/index.php\/oferta\/\" class=\"\" rel=\"bookmark\">Czytaj dalej &raquo;<span class=\"screen-reader-text\">Oferta<\/span><\/a><\/p>\n","protected":false},"author":3,"featured_media":0,"parent":0,"menu_order":0,"comment_status":"closed","ping_status":"closed","template":"","meta":{"neve_meta_sidebar":"","neve_meta_container":"","neve_meta_enable_content_width":"off","neve_meta_content_width":70,"neve_meta_title_alignment":"","neve_meta_author_avatar":"","neve_post_elements_order":"","neve_meta_disable_header":"","neve_meta_disable_footer":"","neve_meta_disable_title":"","_ti_tpc_template_sync":false,"_ti_tpc_template_id":"","footnotes":""},"class_list":["post-357","page","type-page","status-publish","hentry"],"yoast_head":"<!-- This site is optimized with the Yoast SEO plugin v17.0 - https:\/\/yoast.com\/wordpress\/plugins\/seo\/ -->\n<title>Oferta | Kancelaria Doradcy Podatkowego dr Artur K\u0142opotowski<\/title>\n<meta name=\"robots\" content=\"index, follow, max-snippet:-1, max-image-preview:large, max-video-preview:-1\" \/>\n<link rel=\"canonical\" href=\"https:\/\/akpodatki.pl\/index.php\/oferta\/\" \/>\n<meta property=\"og:locale\" content=\"pl_PL\" \/>\n<meta property=\"og:type\" content=\"article\" \/>\n<meta property=\"og:title\" content=\"Oferta | Kancelaria Doradcy Podatkowego dr Artur K\u0142opotowski\" \/>\n<meta property=\"og:description\" content=\"Nasza oferta dla firm i klient\u00f3w indywidualnych Nasza oferta jest skierowana do\u00a0mikro, ma\u0142ych i \u015brednich przedsi\u0119biorstw\u00a0oraz\u00a0klient\u00f3w indywidualnych z ca\u0142ej Polski. Obs\u0142ugujemy tak\u017ce\u00a0klient\u00f3w zagranicznych, zapewniaj\u0105c kompleksowe wsparcie w zakresie podatk\u00f3w i ksi\u0119gowo\u015bci. \u015awiadczymy us\u0142ugi w dw\u00f3ch g\u0142\u00f3wnych obszarach: Doradztwo podatkowe\u00a0\u2013 obejmuj\u0105ce rozliczenia podatkowe dla firm krajowych i zagranicznych w zakresie podatk\u00f3w VAT, PIT, CIT, podatek od&hellip;&nbsp;Czytaj dalej &raquo;Oferta\" \/>\n<meta property=\"og:url\" content=\"https:\/\/akpodatki.pl\/index.php\/oferta\/\" \/>\n<meta property=\"og:site_name\" content=\"Kancelaria Doradcy Podatkowego dr Artur K\u0142opotowski\" \/>\n<meta property=\"article:modified_time\" content=\"2026-01-04T13:08:43+00:00\" \/>\n<meta name=\"twitter:card\" content=\"summary_large_image\" \/>\n<meta name=\"twitter:label1\" content=\"Szacowany czas czytania\" \/>\n\t<meta name=\"twitter:data1\" content=\"1 minuta\" \/>\n<script type=\"application\/ld+json\" class=\"yoast-schema-graph\">{\"@context\":\"https:\/\/schema.org\",\"@graph\":[{\"@type\":\"Organization\",\"@id\":\"https:\/\/akpodatki.pl\/#organization\",\"name\":\"Kancelaria doradcy podatkowego dr Artur K\\u0142opotowski\",\"url\":\"https:\/\/akpodatki.pl\/\",\"sameAs\":[],\"logo\":{\"@type\":\"ImageObject\",\"@id\":\"https:\/\/akpodatki.pl\/#logo\",\"inLanguage\":\"pl-PL\",\"url\":\"https:\/\/akpodatki.pl\/wp-content\/uploads\/2021\/12\/cropped-cropped-30A8D75F-D459-42FE-9A2B-B8EB1F042BA8.png\",\"contentUrl\":\"https:\/\/akpodatki.pl\/wp-content\/uploads\/2021\/12\/cropped-cropped-30A8D75F-D459-42FE-9A2B-B8EB1F042BA8.png\",\"width\":491,\"height\":471,\"caption\":\"Kancelaria doradcy podatkowego dr Artur K\\u0142opotowski\"},\"image\":{\"@id\":\"https:\/\/akpodatki.pl\/#logo\"}},{\"@type\":\"WebSite\",\"@id\":\"https:\/\/akpodatki.pl\/#website\",\"url\":\"https:\/\/akpodatki.pl\/\",\"name\":\"Kancelaria Doradcy Podatkowego\",\"description\":\"biuro rachunkowe i doradztwo podatkowe w Poznaniu\",\"publisher\":{\"@id\":\"https:\/\/akpodatki.pl\/#organization\"},\"potentialAction\":[{\"@type\":\"SearchAction\",\"target\":{\"@type\":\"EntryPoint\",\"urlTemplate\":\"https:\/\/akpodatki.pl\/?s={search_term_string}\"},\"query-input\":\"required name=search_term_string\"}],\"inLanguage\":\"pl-PL\"},{\"@type\":\"WebPage\",\"@id\":\"https:\/\/akpodatki.pl\/index.php\/oferta\/#webpage\",\"url\":\"https:\/\/akpodatki.pl\/index.php\/oferta\/\",\"name\":\"Oferta | Kancelaria Doradcy Podatkowego dr Artur K\\u0142opotowski\",\"isPartOf\":{\"@id\":\"https:\/\/akpodatki.pl\/#website\"},\"datePublished\":\"2026-01-04T12:58:14+00:00\",\"dateModified\":\"2026-01-04T13:08:43+00:00\",\"breadcrumb\":{\"@id\":\"https:\/\/akpodatki.pl\/index.php\/oferta\/#breadcrumb\"},\"inLanguage\":\"pl-PL\",\"potentialAction\":[{\"@type\":\"ReadAction\",\"target\":[\"https:\/\/akpodatki.pl\/index.php\/oferta\/\"]}]},{\"@type\":\"BreadcrumbList\",\"@id\":\"https:\/\/akpodatki.pl\/index.php\/oferta\/#breadcrumb\",\"itemListElement\":[{\"@type\":\"ListItem\",\"position\":1,\"name\":\"Strona g\\u0142\\u00f3wna\",\"item\":\"https:\/\/akpodatki.pl\/\"},{\"@type\":\"ListItem\",\"position\":2,\"name\":\"Oferta\"}]}]}<\/script>\n<!-- \/ Yoast SEO plugin. -->","yoast_head_json":{"title":"Oferta | Kancelaria Doradcy Podatkowego dr Artur K\u0142opotowski","robots":{"index":"index","follow":"follow","max-snippet":"max-snippet:-1","max-image-preview":"max-image-preview:large","max-video-preview":"max-video-preview:-1"},"canonical":"https:\/\/akpodatki.pl\/index.php\/oferta\/","og_locale":"pl_PL","og_type":"article","og_title":"Oferta | Kancelaria Doradcy Podatkowego dr Artur K\u0142opotowski","og_description":"Nasza oferta dla firm i klient\u00f3w indywidualnych Nasza oferta jest skierowana do\u00a0mikro, ma\u0142ych i \u015brednich przedsi\u0119biorstw\u00a0oraz\u00a0klient\u00f3w indywidualnych z ca\u0142ej Polski. Obs\u0142ugujemy tak\u017ce\u00a0klient\u00f3w zagranicznych, zapewniaj\u0105c kompleksowe wsparcie w zakresie podatk\u00f3w i ksi\u0119gowo\u015bci. \u015awiadczymy us\u0142ugi w dw\u00f3ch g\u0142\u00f3wnych obszarach: Doradztwo podatkowe\u00a0\u2013 obejmuj\u0105ce rozliczenia podatkowe dla firm krajowych i zagranicznych w zakresie podatk\u00f3w VAT, PIT, CIT, podatek od&hellip;&nbsp;Czytaj dalej &raquo;Oferta","og_url":"https:\/\/akpodatki.pl\/index.php\/oferta\/","og_site_name":"Kancelaria Doradcy Podatkowego dr Artur K\u0142opotowski","article_modified_time":"2026-01-04T13:08:43+00:00","twitter_card":"summary_large_image","twitter_misc":{"Szacowany czas czytania":"1 minuta"},"schema":{"@context":"https:\/\/schema.org","@graph":[{"@type":"Organization","@id":"https:\/\/akpodatki.pl\/#organization","name":"Kancelaria doradcy podatkowego dr Artur K\u0142opotowski","url":"https:\/\/akpodatki.pl\/","sameAs":[],"logo":{"@type":"ImageObject","@id":"https:\/\/akpodatki.pl\/#logo","inLanguage":"pl-PL","url":"https:\/\/akpodatki.pl\/wp-content\/uploads\/2021\/12\/cropped-cropped-30A8D75F-D459-42FE-9A2B-B8EB1F042BA8.png","contentUrl":"https:\/\/akpodatki.pl\/wp-content\/uploads\/2021\/12\/cropped-cropped-30A8D75F-D459-42FE-9A2B-B8EB1F042BA8.png","width":491,"height":471,"caption":"Kancelaria doradcy podatkowego dr Artur K\u0142opotowski"},"image":{"@id":"https:\/\/akpodatki.pl\/#logo"}},{"@type":"WebSite","@id":"https:\/\/akpodatki.pl\/#website","url":"https:\/\/akpodatki.pl\/","name":"Kancelaria Doradcy Podatkowego","description":"biuro rachunkowe i doradztwo podatkowe w Poznaniu","publisher":{"@id":"https:\/\/akpodatki.pl\/#organization"},"potentialAction":[{"@type":"SearchAction","target":{"@type":"EntryPoint","urlTemplate":"https:\/\/akpodatki.pl\/?s={search_term_string}"},"query-input":"required name=search_term_string"}],"inLanguage":"pl-PL"},{"@type":"WebPage","@id":"https:\/\/akpodatki.pl\/index.php\/oferta\/#webpage","url":"https:\/\/akpodatki.pl\/index.php\/oferta\/","name":"Oferta | Kancelaria Doradcy Podatkowego dr Artur K\u0142opotowski","isPartOf":{"@id":"https:\/\/akpodatki.pl\/#website"},"datePublished":"2026-01-04T12:58:14+00:00","dateModified":"2026-01-04T13:08:43+00:00","breadcrumb":{"@id":"https:\/\/akpodatki.pl\/index.php\/oferta\/#breadcrumb"},"inLanguage":"pl-PL","potentialAction":[{"@type":"ReadAction","target":["https:\/\/akpodatki.pl\/index.php\/oferta\/"]}]},{"@type":"BreadcrumbList","@id":"https:\/\/akpodatki.pl\/index.php\/oferta\/#breadcrumb","itemListElement":[{"@type":"ListItem","position":1,"name":"Strona g\u0142\u00f3wna","item":"https:\/\/akpodatki.pl\/"},{"@type":"ListItem","position":2,"name":"Oferta"}]}]}},"_links":{"self":[{"href":"https:\/\/akpodatki.pl\/index.php\/wp-json\/wp\/v2\/pages\/357","targetHints":{"allow":["GET"]}}],"collection":[{"href":"https:\/\/akpodatki.pl\/index.php\/wp-json\/wp\/v2\/pages"}],"about":[{"href":"https:\/\/akpodatki.pl\/index.php\/wp-json\/wp\/v2\/types\/page"}],"author":[{"embeddable":true,"href":"https:\/\/akpodatki.pl\/index.php\/wp-json\/wp\/v2\/users\/3"}],"replies":[{"embeddable":true,"href":"https:\/\/akpodatki.pl\/index.php\/wp-json\/wp\/v2\/comments?post=357"}],"version-history":[{"count":2,"href":"https:\/\/akpodatki.pl\/index.php\/wp-json\/wp\/v2\/pages\/357\/revisions"}],"predecessor-version":[{"id":363,"href":"https:\/\/akpodatki.pl\/index.php\/wp-json\/wp\/v2\/pages\/357\/revisions\/363"}],"wp:attachment":[{"href":"https:\/\/akpodatki.pl\/index.php\/wp-json\/wp\/v2\/media?parent=357"}],"curies":[{"name":"wp","href":"https:\/\/api.w.org\/{rel}","templated":true}]}}