{"id":344,"date":"2026-01-04T12:21:44","date_gmt":"2026-01-04T12:21:44","guid":{"rendered":"https:\/\/akpodatki.pl\/?page_id=344"},"modified":"2026-01-04T15:45:38","modified_gmt":"2026-01-04T15:45:38","slug":"biuro-rachunkowe","status":"publish","type":"page","link":"https:\/\/akpodatki.pl\/index.php\/biuro-rachunkowe\/","title":{"rendered":"Biuro rachunkowe"},"content":{"rendered":"<h1 data-start=\"374\" data-end=\"461\">Biuro rachunkowe w Poznaniu \u2013 pe\u0142na i uproszczona ksi\u0119gowo\u015b\u0107 dla firm z ca\u0142ej Polski<\/h1>\n<p data-start=\"463\" data-end=\"745\">Szukasz <strong data-start=\"482\" data-end=\"515\">biura rachunkowego w Poznaniu<\/strong> lub profesjonalnej <strong data-start=\"535\" data-end=\"583\">ksi\u0119gowo\u015bci online dla swojej firmy w Polsce<\/strong>? Oferujemy kompleksow\u0105 obs\u0142ug\u0119 przedsi\u0119biorstw na ka\u017cdym etapie dzia\u0142alno\u015bci \u2013 od <strong data-start=\"666\" data-end=\"713\">nowo za\u0142o\u017conych jednoosobowych dzia\u0142alno\u015bci<\/strong>, po \u015brednie i wi\u0119ksze sp\u00f3\u0142ki.<\/p>\n<p data-start=\"747\" data-end=\"914\">Nasze biuro rachunkowe zapewnia pe\u0142ne wsparcie ksi\u0119gowe i podatkowe, dzi\u0119ki kt\u00f3remu mo\u017cesz skupi\u0107 si\u0119 na prowadzeniu biznesu, a nie na obowi\u0105zkach administracyjnych.<\/p>\n<h1 style=\"text-align: left;\"><img loading=\"lazy\" decoding=\"async\" class=\"wp-image-229 size-medium alignnone\" src=\"https:\/\/akpodatki.pl\/wp-content\/uploads\/2021\/12\/accountant-gacb6e2abb_1920-e1639685110755-300x115.jpg\" alt=\"\" width=\"300\" height=\"115\" srcset=\"https:\/\/akpodatki.pl\/wp-content\/uploads\/2021\/12\/accountant-gacb6e2abb_1920-e1639685110755-300x115.jpg 300w, https:\/\/akpodatki.pl\/wp-content\/uploads\/2021\/12\/accountant-gacb6e2abb_1920-e1639685110755-1024x391.jpg 1024w, https:\/\/akpodatki.pl\/wp-content\/uploads\/2021\/12\/accountant-gacb6e2abb_1920-e1639685110755-768x294.jpg 768w, https:\/\/akpodatki.pl\/wp-content\/uploads\/2021\/12\/accountant-gacb6e2abb_1920-e1639685110755-1536x587.jpg 1536w, https:\/\/akpodatki.pl\/wp-content\/uploads\/2021\/12\/accountant-gacb6e2abb_1920-e1639685110755.jpg 1920w\" sizes=\"auto, (max-width: 300px) 100vw, 300px\" \/><br \/>\n<strong style=\"text-align: start;\">Prowadzenie dokumentacji ksi\u0119gowej oraz sporz\u0105dzanie deklaracji<\/strong><\/h1>\n<p style=\"text-align: left;\">Nasza oferta obejmuje przede wszystkim:<\/p>\n<ul style=\"text-align: left;\">\n<li style=\"text-align: justify;\">prowadzenie ksi\u0105g rachunkowych;<\/li>\n<li style=\"text-align: justify;\">prowadzenie podatkowej ksi\u0119gi przychod\u00f3w i rozchod\u00f3w;<\/li>\n<li style=\"text-align: justify;\">prowadzenie ewidencji przychod\u00f3w dla rycza\u0142towc\u00f3w;<\/li>\n<li style=\"text-align: justify;\">prowadzenie ewidencji \u015brodk\u00f3w trwa\u0142ych oraz warto\u015bci niematerialnych i prawnych;<\/li>\n<li style=\"text-align: justify;\">prowadzenie ewidencji VAT;<\/li>\n<li>pe\u0142na obs\u0142uga KSeF;<\/li>\n<li style=\"text-align: justify;\">sporz\u0105dzanie plik\u00f3w JPK;<\/li>\n<li style=\"text-align: justify;\">sporz\u0105dzanie deklaracji i zezna\u0144 podatkowych;<\/li>\n<li style=\"text-align: justify;\">sta\u0142e wsparcie doradcy podatkowego.<\/li>\n<\/ul>\n<h1 style=\"text-align: left;\"><img loading=\"lazy\" decoding=\"async\" class=\"wp-image-238 size-medium alignnone\" src=\"https:\/\/akpodatki.pl\/wp-content\/uploads\/2021\/12\/binder-g9b77a6895_1920-e1639685144469-300x124.jpg\" alt=\"\" width=\"300\" height=\"124\" srcset=\"https:\/\/akpodatki.pl\/wp-content\/uploads\/2021\/12\/binder-g9b77a6895_1920-e1639685144469-300x124.jpg 300w, https:\/\/akpodatki.pl\/wp-content\/uploads\/2021\/12\/binder-g9b77a6895_1920-e1639685144469-1024x422.jpg 1024w, https:\/\/akpodatki.pl\/wp-content\/uploads\/2021\/12\/binder-g9b77a6895_1920-e1639685144469-768x317.jpg 768w, https:\/\/akpodatki.pl\/wp-content\/uploads\/2021\/12\/binder-g9b77a6895_1920-e1639685144469-1536x634.jpg 1536w, https:\/\/akpodatki.pl\/wp-content\/uploads\/2021\/12\/binder-g9b77a6895_1920-e1639685144469.jpg 1920w\" sizes=\"auto, (max-width: 300px) 100vw, 300px\" \/><\/h1>\n<h1 style=\"text-align: left;\"><strong style=\"text-align: start;\">Prowadzenie spraw p\u0142acowych oraz rozlicze\u0144 z ZUS<\/strong><\/h1>\n<p style=\"text-align: left;\">W ramach us\u0142ugi &#8222;kadry i p\u0142ace&#8221; Kancelaria oferuje przede wszystkim:<\/p>\n<ul>\n<li style=\"text-align: left;\">sporz\u0105dzanie listy p\u0142ac wraz informacjami o wynagrodzeniach i rachunkami dla zleceniobiorc\u00f3w;<\/li>\n<li style=\"text-align: left;\">naliczanie sk\u0142adek ZUS;<\/li>\n<li style=\"text-align: left;\">obliczanie zaliczek PIT;<\/li>\n<li style=\"text-align: left;\">obliczanie zbiorczej zaliczki od wynagrodze\u0144;<\/li>\n<li style=\"text-align: left;\">sporz\u0105dzanie deklaracji PIT od wynagrodze\u0144;<\/li>\n<li style=\"text-align: left;\">sporz\u0105dzanie deklaracji ZUS;<\/li>\n<li style=\"text-align: left;\">raportowanie do GUS i PFRON.<\/li>\n<\/ul>\n<h1 data-start=\"2333\" data-end=\"2358\">Skontaktuj si\u0119 z nami<\/h1>\n<p data-start=\"2360\" data-end=\"2617\">Je\u017celi szukasz\u00a0biura rachunkowego, kt\u00f3re prowadzi zar\u00f3wno uproszczon\u0105 ksi\u0119gowo\u015b\u0107, jak i pe\u0142ne ksi\u0119gi, zapewnia bie\u017c\u0105ce rozliczenia VAT, obs\u0142ug\u0119 KSeF, kadry i p\u0142ace oraz wsparcie doradcy podatkowego \u2013 skontaktuj si\u0119 z nami ju\u017c dzi\u015b.<\/p>\n<p data-start=\"2360\" data-end=\"2617\"><strong>E-MAIL og\u00f3lny do kancelarii i b<\/strong><strong>iura rachunkowego<\/strong><strong>:\u00a0<\/strong><a href=\"mailto:kancelaria@akpodatki.pl\">kancelaria@akpodatki.pl<\/a><\/p>\n","protected":false},"excerpt":{"rendered":"<p>Biuro rachunkowe w Poznaniu \u2013 pe\u0142na i uproszczona ksi\u0119gowo\u015b\u0107 dla firm z ca\u0142ej Polski Szukasz biura rachunkowego w Poznaniu lub profesjonalnej ksi\u0119gowo\u015bci online dla swojej firmy w Polsce? Oferujemy kompleksow\u0105 obs\u0142ug\u0119 przedsi\u0119biorstw na ka\u017cdym etapie dzia\u0142alno\u015bci \u2013 od nowo za\u0142o\u017conych jednoosobowych dzia\u0142alno\u015bci, po \u015brednie i wi\u0119ksze sp\u00f3\u0142ki. Nasze biuro rachunkowe zapewnia pe\u0142ne wsparcie ksi\u0119gowe i&hellip;&nbsp;<a href=\"https:\/\/akpodatki.pl\/index.php\/biuro-rachunkowe\/\" class=\"\" rel=\"bookmark\">Czytaj dalej &raquo;<span class=\"screen-reader-text\">Biuro rachunkowe<\/span><\/a><\/p>\n","protected":false},"author":3,"featured_media":0,"parent":0,"menu_order":0,"comment_status":"closed","ping_status":"closed","template":"","meta":{"neve_meta_sidebar":"left","neve_meta_container":"","neve_meta_enable_content_width":"on","neve_meta_content_width":100,"neve_meta_title_alignment":"","neve_meta_author_avatar":"","neve_post_elements_order":"","neve_meta_disable_header":"","neve_meta_disable_footer":"","neve_meta_disable_title":"","_ti_tpc_template_sync":false,"_ti_tpc_template_id":"","footnotes":""},"class_list":["post-344","page","type-page","status-publish","hentry"],"yoast_head":"<!-- This site is optimized with the Yoast SEO plugin v17.0 - https:\/\/yoast.com\/wordpress\/plugins\/seo\/ -->\n<title>Biuro rachunkowe | Kancelaria Doradcy Podatkowego dr Artur K\u0142opotowski<\/title>\n<meta name=\"robots\" content=\"index, follow, max-snippet:-1, max-image-preview:large, max-video-preview:-1\" \/>\n<link rel=\"canonical\" href=\"https:\/\/akpodatki.pl\/index.php\/biuro-rachunkowe\/\" \/>\n<meta property=\"og:locale\" content=\"pl_PL\" \/>\n<meta property=\"og:type\" content=\"article\" \/>\n<meta property=\"og:title\" content=\"Biuro rachunkowe | Kancelaria Doradcy Podatkowego dr Artur K\u0142opotowski\" \/>\n<meta property=\"og:description\" content=\"Biuro rachunkowe w Poznaniu \u2013 pe\u0142na i uproszczona ksi\u0119gowo\u015b\u0107 dla firm z ca\u0142ej Polski Szukasz biura rachunkowego w Poznaniu lub profesjonalnej ksi\u0119gowo\u015bci online dla swojej firmy w Polsce? Oferujemy kompleksow\u0105 obs\u0142ug\u0119 przedsi\u0119biorstw na ka\u017cdym etapie dzia\u0142alno\u015bci \u2013 od nowo za\u0142o\u017conych jednoosobowych dzia\u0142alno\u015bci, po \u015brednie i wi\u0119ksze sp\u00f3\u0142ki. Nasze biuro rachunkowe zapewnia pe\u0142ne wsparcie ksi\u0119gowe i&hellip;&nbsp;Czytaj dalej &raquo;Biuro rachunkowe\" \/>\n<meta property=\"og:url\" content=\"https:\/\/akpodatki.pl\/index.php\/biuro-rachunkowe\/\" \/>\n<meta property=\"og:site_name\" content=\"Kancelaria Doradcy Podatkowego dr Artur K\u0142opotowski\" \/>\n<meta property=\"article:modified_time\" content=\"2026-01-04T15:45:38+00:00\" \/>\n<meta property=\"og:image\" content=\"https:\/\/akpodatki.pl\/wp-content\/uploads\/2021\/12\/accountant-gacb6e2abb_1920-e1639685110755-300x115.jpg\" \/>\n<meta name=\"twitter:card\" content=\"summary_large_image\" \/>\n<meta name=\"twitter:label1\" content=\"Szacowany czas czytania\" \/>\n\t<meta name=\"twitter:data1\" content=\"1 minuta\" \/>\n<script type=\"application\/ld+json\" class=\"yoast-schema-graph\">{\"@context\":\"https:\/\/schema.org\",\"@graph\":[{\"@type\":\"Organization\",\"@id\":\"https:\/\/akpodatki.pl\/#organization\",\"name\":\"Kancelaria doradcy podatkowego dr Artur K\\u0142opotowski\",\"url\":\"https:\/\/akpodatki.pl\/\",\"sameAs\":[],\"logo\":{\"@type\":\"ImageObject\",\"@id\":\"https:\/\/akpodatki.pl\/#logo\",\"inLanguage\":\"pl-PL\",\"url\":\"https:\/\/akpodatki.pl\/wp-content\/uploads\/2021\/12\/cropped-cropped-30A8D75F-D459-42FE-9A2B-B8EB1F042BA8.png\",\"contentUrl\":\"https:\/\/akpodatki.pl\/wp-content\/uploads\/2021\/12\/cropped-cropped-30A8D75F-D459-42FE-9A2B-B8EB1F042BA8.png\",\"width\":491,\"height\":471,\"caption\":\"Kancelaria doradcy podatkowego dr Artur K\\u0142opotowski\"},\"image\":{\"@id\":\"https:\/\/akpodatki.pl\/#logo\"}},{\"@type\":\"WebSite\",\"@id\":\"https:\/\/akpodatki.pl\/#website\",\"url\":\"https:\/\/akpodatki.pl\/\",\"name\":\"Kancelaria Doradcy Podatkowego\",\"description\":\"biuro rachunkowe i doradztwo podatkowe w Poznaniu\",\"publisher\":{\"@id\":\"https:\/\/akpodatki.pl\/#organization\"},\"potentialAction\":[{\"@type\":\"SearchAction\",\"target\":{\"@type\":\"EntryPoint\",\"urlTemplate\":\"https:\/\/akpodatki.pl\/?s={search_term_string}\"},\"query-input\":\"required name=search_term_string\"}],\"inLanguage\":\"pl-PL\"},{\"@type\":\"ImageObject\",\"@id\":\"https:\/\/akpodatki.pl\/index.php\/biuro-rachunkowe\/#primaryimage\",\"inLanguage\":\"pl-PL\",\"url\":\"https:\/\/akpodatki.pl\/wp-content\/uploads\/2021\/12\/accountant-gacb6e2abb_1920-e1639685110755.jpg\",\"contentUrl\":\"https:\/\/akpodatki.pl\/wp-content\/uploads\/2021\/12\/accountant-gacb6e2abb_1920-e1639685110755.jpg\",\"width\":1920,\"height\":734},{\"@type\":\"WebPage\",\"@id\":\"https:\/\/akpodatki.pl\/index.php\/biuro-rachunkowe\/#webpage\",\"url\":\"https:\/\/akpodatki.pl\/index.php\/biuro-rachunkowe\/\",\"name\":\"Biuro rachunkowe | Kancelaria Doradcy Podatkowego dr Artur K\\u0142opotowski\",\"isPartOf\":{\"@id\":\"https:\/\/akpodatki.pl\/#website\"},\"primaryImageOfPage\":{\"@id\":\"https:\/\/akpodatki.pl\/index.php\/biuro-rachunkowe\/#primaryimage\"},\"datePublished\":\"2026-01-04T12:21:44+00:00\",\"dateModified\":\"2026-01-04T15:45:38+00:00\",\"breadcrumb\":{\"@id\":\"https:\/\/akpodatki.pl\/index.php\/biuro-rachunkowe\/#breadcrumb\"},\"inLanguage\":\"pl-PL\",\"potentialAction\":[{\"@type\":\"ReadAction\",\"target\":[\"https:\/\/akpodatki.pl\/index.php\/biuro-rachunkowe\/\"]}]},{\"@type\":\"BreadcrumbList\",\"@id\":\"https:\/\/akpodatki.pl\/index.php\/biuro-rachunkowe\/#breadcrumb\",\"itemListElement\":[{\"@type\":\"ListItem\",\"position\":1,\"name\":\"Strona g\\u0142\\u00f3wna\",\"item\":\"https:\/\/akpodatki.pl\/\"},{\"@type\":\"ListItem\",\"position\":2,\"name\":\"Biuro rachunkowe\"}]}]}<\/script>\n<!-- \/ Yoast SEO plugin. -->","yoast_head_json":{"title":"Biuro rachunkowe | Kancelaria Doradcy Podatkowego dr Artur K\u0142opotowski","robots":{"index":"index","follow":"follow","max-snippet":"max-snippet:-1","max-image-preview":"max-image-preview:large","max-video-preview":"max-video-preview:-1"},"canonical":"https:\/\/akpodatki.pl\/index.php\/biuro-rachunkowe\/","og_locale":"pl_PL","og_type":"article","og_title":"Biuro rachunkowe | Kancelaria Doradcy Podatkowego dr Artur K\u0142opotowski","og_description":"Biuro rachunkowe w Poznaniu \u2013 pe\u0142na i uproszczona ksi\u0119gowo\u015b\u0107 dla firm z ca\u0142ej Polski Szukasz biura rachunkowego w Poznaniu lub profesjonalnej ksi\u0119gowo\u015bci online dla swojej firmy w Polsce? Oferujemy kompleksow\u0105 obs\u0142ug\u0119 przedsi\u0119biorstw na ka\u017cdym etapie dzia\u0142alno\u015bci \u2013 od nowo za\u0142o\u017conych jednoosobowych dzia\u0142alno\u015bci, po \u015brednie i wi\u0119ksze sp\u00f3\u0142ki. Nasze biuro rachunkowe zapewnia pe\u0142ne wsparcie ksi\u0119gowe i&hellip;&nbsp;Czytaj dalej &raquo;Biuro rachunkowe","og_url":"https:\/\/akpodatki.pl\/index.php\/biuro-rachunkowe\/","og_site_name":"Kancelaria Doradcy Podatkowego dr Artur K\u0142opotowski","article_modified_time":"2026-01-04T15:45:38+00:00","og_image":[{"url":"https:\/\/akpodatki.pl\/wp-content\/uploads\/2021\/12\/accountant-gacb6e2abb_1920-e1639685110755-300x115.jpg"}],"twitter_card":"summary_large_image","twitter_misc":{"Szacowany czas czytania":"1 minuta"},"schema":{"@context":"https:\/\/schema.org","@graph":[{"@type":"Organization","@id":"https:\/\/akpodatki.pl\/#organization","name":"Kancelaria doradcy podatkowego dr Artur K\u0142opotowski","url":"https:\/\/akpodatki.pl\/","sameAs":[],"logo":{"@type":"ImageObject","@id":"https:\/\/akpodatki.pl\/#logo","inLanguage":"pl-PL","url":"https:\/\/akpodatki.pl\/wp-content\/uploads\/2021\/12\/cropped-cropped-30A8D75F-D459-42FE-9A2B-B8EB1F042BA8.png","contentUrl":"https:\/\/akpodatki.pl\/wp-content\/uploads\/2021\/12\/cropped-cropped-30A8D75F-D459-42FE-9A2B-B8EB1F042BA8.png","width":491,"height":471,"caption":"Kancelaria doradcy podatkowego dr Artur K\u0142opotowski"},"image":{"@id":"https:\/\/akpodatki.pl\/#logo"}},{"@type":"WebSite","@id":"https:\/\/akpodatki.pl\/#website","url":"https:\/\/akpodatki.pl\/","name":"Kancelaria Doradcy Podatkowego","description":"biuro rachunkowe i doradztwo podatkowe w Poznaniu","publisher":{"@id":"https:\/\/akpodatki.pl\/#organization"},"potentialAction":[{"@type":"SearchAction","target":{"@type":"EntryPoint","urlTemplate":"https:\/\/akpodatki.pl\/?s={search_term_string}"},"query-input":"required name=search_term_string"}],"inLanguage":"pl-PL"},{"@type":"ImageObject","@id":"https:\/\/akpodatki.pl\/index.php\/biuro-rachunkowe\/#primaryimage","inLanguage":"pl-PL","url":"https:\/\/akpodatki.pl\/wp-content\/uploads\/2021\/12\/accountant-gacb6e2abb_1920-e1639685110755.jpg","contentUrl":"https:\/\/akpodatki.pl\/wp-content\/uploads\/2021\/12\/accountant-gacb6e2abb_1920-e1639685110755.jpg","width":1920,"height":734},{"@type":"WebPage","@id":"https:\/\/akpodatki.pl\/index.php\/biuro-rachunkowe\/#webpage","url":"https:\/\/akpodatki.pl\/index.php\/biuro-rachunkowe\/","name":"Biuro rachunkowe | Kancelaria Doradcy Podatkowego dr Artur K\u0142opotowski","isPartOf":{"@id":"https:\/\/akpodatki.pl\/#website"},"primaryImageOfPage":{"@id":"https:\/\/akpodatki.pl\/index.php\/biuro-rachunkowe\/#primaryimage"},"datePublished":"2026-01-04T12:21:44+00:00","dateModified":"2026-01-04T15:45:38+00:00","breadcrumb":{"@id":"https:\/\/akpodatki.pl\/index.php\/biuro-rachunkowe\/#breadcrumb"},"inLanguage":"pl-PL","potentialAction":[{"@type":"ReadAction","target":["https:\/\/akpodatki.pl\/index.php\/biuro-rachunkowe\/"]}]},{"@type":"BreadcrumbList","@id":"https:\/\/akpodatki.pl\/index.php\/biuro-rachunkowe\/#breadcrumb","itemListElement":[{"@type":"ListItem","position":1,"name":"Strona g\u0142\u00f3wna","item":"https:\/\/akpodatki.pl\/"},{"@type":"ListItem","position":2,"name":"Biuro rachunkowe"}]}]}},"_links":{"self":[{"href":"https:\/\/akpodatki.pl\/index.php\/wp-json\/wp\/v2\/pages\/344","targetHints":{"allow":["GET"]}}],"collection":[{"href":"https:\/\/akpodatki.pl\/index.php\/wp-json\/wp\/v2\/pages"}],"about":[{"href":"https:\/\/akpodatki.pl\/index.php\/wp-json\/wp\/v2\/types\/page"}],"author":[{"embeddable":true,"href":"https:\/\/akpodatki.pl\/index.php\/wp-json\/wp\/v2\/users\/3"}],"replies":[{"embeddable":true,"href":"https:\/\/akpodatki.pl\/index.php\/wp-json\/wp\/v2\/comments?post=344"}],"version-history":[{"count":3,"href":"https:\/\/akpodatki.pl\/index.php\/wp-json\/wp\/v2\/pages\/344\/revisions"}],"predecessor-version":[{"id":373,"href":"https:\/\/akpodatki.pl\/index.php\/wp-json\/wp\/v2\/pages\/344\/revisions\/373"}],"wp:attachment":[{"href":"https:\/\/akpodatki.pl\/index.php\/wp-json\/wp\/v2\/media?parent=344"}],"curies":[{"name":"wp","href":"https:\/\/api.w.org\/{rel}","templated":true}]}}