{"id":340,"date":"2026-01-04T12:19:45","date_gmt":"2026-01-04T12:19:45","guid":{"rendered":"https:\/\/akpodatki.pl\/?page_id=340"},"modified":"2026-01-04T12:19:45","modified_gmt":"2026-01-04T12:19:45","slug":"doradztwo-podatkowe","status":"publish","type":"page","link":"https:\/\/akpodatki.pl\/index.php\/doradztwo-podatkowe\/","title":{"rendered":"Doradztwo podatkowe"},"content":{"rendered":"<p><img loading=\"lazy\" decoding=\"async\" class=\"wp-image-228 size-medium alignnone\" src=\"https:\/\/akpodatki.pl\/wp-content\/uploads\/2021\/12\/man-ge19a6765b_1920-e1639684714167-300x145.jpg\" alt=\"\" width=\"300\" height=\"145\" srcset=\"https:\/\/akpodatki.pl\/wp-content\/uploads\/2021\/12\/man-ge19a6765b_1920-e1639684714167-300x145.jpg 300w, https:\/\/akpodatki.pl\/wp-content\/uploads\/2021\/12\/man-ge19a6765b_1920-e1639684714167-1024x497.jpg 1024w, https:\/\/akpodatki.pl\/wp-content\/uploads\/2021\/12\/man-ge19a6765b_1920-e1639684714167-768x372.jpg 768w, https:\/\/akpodatki.pl\/wp-content\/uploads\/2021\/12\/man-ge19a6765b_1920-e1639684714167-1536x745.jpg 1536w, https:\/\/akpodatki.pl\/wp-content\/uploads\/2021\/12\/man-ge19a6765b_1920-e1639684714167.jpg 1920w\" sizes=\"auto, (max-width: 300px) 100vw, 300px\" \/><\/p>\n<h1 style=\"text-align: left;\"><strong>Konsultacje podatkowe<\/strong><\/h1>\n<p style=\"text-align: left;\">W ramach konsultacji podatkowych:<\/p>\n<ul style=\"text-align: left;\">\n<li style=\"text-align: left;\">sporz\u0105dzamy opinie i porady\u00a0<span style=\"text-align: justify;\">w zakresie podatk\u00f3w dotycz\u0105ce zar\u00f3wno bie\u017c\u0105cych jak i planowanych przez Pa\u0144stwo dzia\u0142a\u0144<\/span>;<\/li>\n<li style=\"text-align: left;\">wspieramy przedsi\u0119biorc\u00f3w w zakresie wyboru formy opodatkowania i ZUS;<\/li>\n<li>obs\u0142ugujemy osoby indywidualne &#8211; nieprowadz\u0105ce dzia\u0142alno\u015bci gospodarczej lub maj\u0105ce dzia\u0142alno\u015b\u0107 nierejestrowan\u0105;<\/li>\n<li style=\"text-align: left;\">analizujemy umowy pod k\u0105tem podatkowym;<\/li>\n<li style=\"text-align: left;\">oferujemy wsparcie podatkowe dla adwokat\u00f3w, radc\u00f3w prawnych i notariuszy.<\/li>\n<\/ul>\n<p style=\"text-align: left;\">Szczeg\u00f3lny nacisk k\u0142adziemy na przedstawienie jasnych oraz czytelnych rekomendacji, kt\u00f3re pozwol\u0105 podj\u0105\u0107 Pa\u0144stwu najlepsz\u0105 w danym przypadku decyzj\u0119.<\/p>\n<h1 style=\"text-align: left;\"><img loading=\"lazy\" decoding=\"async\" class=\"wp-image-227 size-medium alignnone\" src=\"https:\/\/akpodatki.pl\/wp-content\/uploads\/2021\/12\/study-g7f32ce9aa_1920-e1639684774904-300x134.jpg\" alt=\"\" width=\"300\" height=\"134\" srcset=\"https:\/\/akpodatki.pl\/wp-content\/uploads\/2021\/12\/study-g7f32ce9aa_1920-e1639684774904-300x134.jpg 300w, https:\/\/akpodatki.pl\/wp-content\/uploads\/2021\/12\/study-g7f32ce9aa_1920-e1639684774904-1024x458.jpg 1024w, https:\/\/akpodatki.pl\/wp-content\/uploads\/2021\/12\/study-g7f32ce9aa_1920-e1639684774904-768x344.jpg 768w, https:\/\/akpodatki.pl\/wp-content\/uploads\/2021\/12\/study-g7f32ce9aa_1920-e1639684774904-1536x687.jpg 1536w, https:\/\/akpodatki.pl\/wp-content\/uploads\/2021\/12\/study-g7f32ce9aa_1920-e1639684774904.jpg 1920w\" sizes=\"auto, (max-width: 300px) 100vw, 300px\" \/><br \/>\n<strong>Interpretacje podatkowe<\/strong><\/h1>\n<p style=\"text-align: left;\">Oferujemy przygotowanie wniosk\u00f3w o wydanie indywidualnych interpretacji przepis\u00f3w prawa oraz innych wniosk\u00f3w i dokument\u00f3w przewidzianych przepisami prawa podatkowego (np. wnioski o wydanie Wi\u0105\u017c\u0105cej Interpretacji Stawkowej).<\/p>\n<h1 style=\"text-align: left;\"><img loading=\"lazy\" decoding=\"async\" class=\"wp-image-232 size-medium alignnone\" src=\"https:\/\/akpodatki.pl\/wp-content\/uploads\/2021\/12\/workshop-g431759186_1920-e1639684840538-300x136.jpg\" alt=\"\" width=\"300\" height=\"136\" srcset=\"https:\/\/akpodatki.pl\/wp-content\/uploads\/2021\/12\/workshop-g431759186_1920-e1639684840538-300x136.jpg 300w, https:\/\/akpodatki.pl\/wp-content\/uploads\/2021\/12\/workshop-g431759186_1920-e1639684840538-1024x466.jpg 1024w, https:\/\/akpodatki.pl\/wp-content\/uploads\/2021\/12\/workshop-g431759186_1920-e1639684840538-768x349.jpg 768w, https:\/\/akpodatki.pl\/wp-content\/uploads\/2021\/12\/workshop-g431759186_1920-e1639684840538-1536x698.jpg 1536w, https:\/\/akpodatki.pl\/wp-content\/uploads\/2021\/12\/workshop-g431759186_1920-e1639684840538.jpg 1920w\" sizes=\"auto, (max-width: 300px) 100vw, 300px\" \/><br \/>\n<strong>Szkolenia i konferencje<\/strong><\/h1>\n<p style=\"text-align: left;\">Prowadzimy szkolenia z zakresu wybranych przez Pa\u0144stwa zagadnie\u0144; szkolenia mog\u0105 dotyczy\u0107 zar\u00f3wno poszczeg\u00f3lnych podatk\u00f3w (w tym analizy wprowadzanych zmian) jak i szczeg\u00f3\u0142owych obszar\u00f3w b\u0119d\u0105cych przedmiotem Pa\u0144stwa zainteresowa\u0144. Zakres szkolenia, poziom zaawansowania oraz forma realizacji ustalane s\u0105 indywidualnie \u2013 w oparciu o potrzeby Pa\u0144stwa firmy, bran\u017cy lub zespo\u0142u.<\/p>\n<h1 style=\"text-align: left;\"><img loading=\"lazy\" decoding=\"async\" class=\"alignnone wp-image-278 size-medium\" src=\"https:\/\/akpodatki.pl\/wp-content\/uploads\/2021\/12\/files-gee5d0b5fb_1920-e1639684880743-300x116.jpg\" alt=\"\" width=\"300\" height=\"116\" srcset=\"https:\/\/akpodatki.pl\/wp-content\/uploads\/2021\/12\/files-gee5d0b5fb_1920-e1639684880743-300x116.jpg 300w, https:\/\/akpodatki.pl\/wp-content\/uploads\/2021\/12\/files-gee5d0b5fb_1920-e1639684880743-1024x397.jpg 1024w, https:\/\/akpodatki.pl\/wp-content\/uploads\/2021\/12\/files-gee5d0b5fb_1920-e1639684880743-768x298.jpg 768w, https:\/\/akpodatki.pl\/wp-content\/uploads\/2021\/12\/files-gee5d0b5fb_1920-e1639684880743-1536x595.jpg 1536w, https:\/\/akpodatki.pl\/wp-content\/uploads\/2021\/12\/files-gee5d0b5fb_1920-e1639684880743.jpg 1920w\" sizes=\"auto, (max-width: 300px) 100vw, 300px\" \/><br \/>\n<strong>Reprezentacja przed organami podatkowymi oraz s\u0105dami administracyjnymi<\/strong><\/h1>\n<p style=\"text-align: left;\">W ramach naszej oferty mo\u017cemy reprezentowa\u0107 Pa\u0144stwa jako profesjonalny pe\u0142nomocnik przed organami podatkowymi oraz innymi instytucjami administracji publicznej, jak r\u00f3wnie\u017c przed s\u0105dami administracyjnymi.<\/p>\n<p style=\"text-align: left;\">Nasza oferta obejmuje:<\/p>\n<ul style=\"text-align: left;\">\n<li>wsparcie podczas post\u0119powa\u0144 prowadzonych przez urz\u0119dy skarbowe (tj. czynno\u015bci sprawdzaj\u0105ce, kontrola podatkowa i post\u0119powanie podatkowe);<\/li>\n<li>wsparcie przy rejestracji firmy, w tym rejestracji na VAT;<\/li>\n<li>wsparcie w kontaktach z ZUS.<\/li>\n<\/ul>\n<h1 style=\"text-align: left;\"><img loading=\"lazy\" decoding=\"async\" class=\"wp-image-234 size-medium alignnone\" src=\"https:\/\/akpodatki.pl\/wp-content\/uploads\/2021\/12\/filing-cabinet-gaf660c7b2_1920-e1639684942680-300x129.jpg\" alt=\"\" width=\"300\" height=\"129\" srcset=\"https:\/\/akpodatki.pl\/wp-content\/uploads\/2021\/12\/filing-cabinet-gaf660c7b2_1920-e1639684942680-300x129.jpg 300w, https:\/\/akpodatki.pl\/wp-content\/uploads\/2021\/12\/filing-cabinet-gaf660c7b2_1920-e1639684942680-1024x440.jpg 1024w, https:\/\/akpodatki.pl\/wp-content\/uploads\/2021\/12\/filing-cabinet-gaf660c7b2_1920-e1639684942680-768x330.jpg 768w, https:\/\/akpodatki.pl\/wp-content\/uploads\/2021\/12\/filing-cabinet-gaf660c7b2_1920-e1639684942680-1536x660.jpg 1536w, https:\/\/akpodatki.pl\/wp-content\/uploads\/2021\/12\/filing-cabinet-gaf660c7b2_1920-e1639684942680.jpg 1920w\" sizes=\"auto, (max-width: 300px) 100vw, 300px\" \/><br \/>\n<strong>Audyty podatkowe<\/strong><\/h1>\n<p style=\"text-align: left;\">W ramach audyt\u00f3w podatkowych dokonujemy przede wszystkim analizy prawid\u0142owo\u015bci klasyfikacji zdarze\u0144 gospodarczych w zakresie przepis\u00f3w podatkowych.<\/p>\n<p style=\"text-align: left;\"><img loading=\"lazy\" decoding=\"async\" class=\"wp-image-270 size-medium alignnone\" src=\"https:\/\/akpodatki.pl\/wp-content\/uploads\/2021\/12\/office-g820789c06_1920-e1639684975318-300x120.jpg\" alt=\"\" width=\"300\" height=\"120\" srcset=\"https:\/\/akpodatki.pl\/wp-content\/uploads\/2021\/12\/office-g820789c06_1920-e1639684975318-300x120.jpg 300w, https:\/\/akpodatki.pl\/wp-content\/uploads\/2021\/12\/office-g820789c06_1920-e1639684975318-1024x410.jpg 1024w, https:\/\/akpodatki.pl\/wp-content\/uploads\/2021\/12\/office-g820789c06_1920-e1639684975318-768x307.jpg 768w, https:\/\/akpodatki.pl\/wp-content\/uploads\/2021\/12\/office-g820789c06_1920-e1639684975318-1536x614.jpg 1536w, https:\/\/akpodatki.pl\/wp-content\/uploads\/2021\/12\/office-g820789c06_1920-e1639684975318.jpg 1920w\" sizes=\"auto, (max-width: 300px) 100vw, 300px\" \/><\/p>\n<h1 style=\"text-align: left;\"><strong>Zarz\u0105dzanie ryzykiem podatkowym<\/strong><\/h1>\n<p style=\"text-align: left;\">Maj\u0105c na uwadze zapewnienie jak najwi\u0119kszej przejrzysto\u015bci oraz bezpiecze\u0144stwa w kwestii odpowiedzialno\u015bci karnej skarbowej oferujemy wprowadzenie u Pa\u0144stwa procedur pozwalaj\u0105cych zapewni\u0107 prawid\u0142owo\u015b\u0107 rozlicze\u0144 podatkowych przedsi\u0119biorstwa z tytu\u0142u poszczeg\u00f3lnych podatk\u00f3w oraz umo\u017cliwiaj\u0105cych kompleksow\u0105 ocen\u0119 jego sytuacji podatkowej.<\/p>\n<h1 style=\"text-align: left;\"><img loading=\"lazy\" decoding=\"async\" class=\"wp-image-236 size-medium alignnone\" src=\"https:\/\/akpodatki.pl\/wp-content\/uploads\/2021\/12\/reception-g3d0f88824_1920-e1639685012815-300x121.jpg\" alt=\"\" width=\"300\" height=\"121\" srcset=\"https:\/\/akpodatki.pl\/wp-content\/uploads\/2021\/12\/reception-g3d0f88824_1920-e1639685012815-300x121.jpg 300w, https:\/\/akpodatki.pl\/wp-content\/uploads\/2021\/12\/reception-g3d0f88824_1920-e1639685012815-1024x414.jpg 1024w, https:\/\/akpodatki.pl\/wp-content\/uploads\/2021\/12\/reception-g3d0f88824_1920-e1639685012815-768x311.jpg 768w, https:\/\/akpodatki.pl\/wp-content\/uploads\/2021\/12\/reception-g3d0f88824_1920-e1639685012815-1536x622.jpg 1536w, https:\/\/akpodatki.pl\/wp-content\/uploads\/2021\/12\/reception-g3d0f88824_1920-e1639685012815.jpg 1920w\" sizes=\"auto, (max-width: 300px) 100vw, 300px\" \/><br \/>\n<strong>Rejestracja dzia\u0142alno\u015bci gospodarczej<\/strong><\/h1>\n<p style=\"text-align: left;\">Wsparcie w tym zakresie obejmuje przygotowanie dokument\u00f3w wymaganych do za\u0142o\u017cenia dzia\u0142alno\u015bci gospodarczej oraz zg\u0142oszenia zmian w ju\u017c prowadzonej dzia\u0142alno\u015bci.<\/p>\n<h1 style=\"text-align: left;\"><img loading=\"lazy\" decoding=\"async\" class=\"alignnone wp-image-237 size-medium\" src=\"https:\/\/akpodatki.pl\/wp-content\/uploads\/2021\/12\/office-g908ca821a_1920-e1639685046337-300x122.jpg\" alt=\"\" width=\"300\" height=\"122\" srcset=\"https:\/\/akpodatki.pl\/wp-content\/uploads\/2021\/12\/office-g908ca821a_1920-e1639685046337-300x122.jpg 300w, https:\/\/akpodatki.pl\/wp-content\/uploads\/2021\/12\/office-g908ca821a_1920-e1639685046337-1024x417.jpg 1024w, https:\/\/akpodatki.pl\/wp-content\/uploads\/2021\/12\/office-g908ca821a_1920-e1639685046337-768x313.jpg 768w, https:\/\/akpodatki.pl\/wp-content\/uploads\/2021\/12\/office-g908ca821a_1920-e1639685046337-1536x626.jpg 1536w, https:\/\/akpodatki.pl\/wp-content\/uploads\/2021\/12\/office-g908ca821a_1920-e1639685046337.jpg 1920w\" sizes=\"auto, (max-width: 300px) 100vw, 300px\" \/><br style=\"text-align: justify;\" \/><span style=\"text-align: justify;\"><strong>Sporz\u0105dzanie oraz opiniowanie um\u00f3w handlowych<\/strong><\/span><\/h1>\n<p style=\"text-align: left;\"><span style=\"text-align: justify;\">Kancelaria posiada wieloletnie do\u015bwiadczenie w sporz\u0105dzaniu um\u00f3w handlowych oraz ich opiniowaniu pod k\u0105tem podatkowym. Pocz\u0105wszy od transakcji finansowych, a sko\u0144czywszy na umowach odnosz\u0105cych si\u0119 do zakupu surowc\u00f3w.<\/span><\/p>\n","protected":false},"excerpt":{"rendered":"<p>Konsultacje podatkowe W ramach konsultacji podatkowych: sporz\u0105dzamy opinie i porady\u00a0w zakresie podatk\u00f3w dotycz\u0105ce zar\u00f3wno bie\u017c\u0105cych jak i planowanych przez Pa\u0144stwo dzia\u0142a\u0144; wspieramy przedsi\u0119biorc\u00f3w w zakresie wyboru formy opodatkowania i ZUS; obs\u0142ugujemy osoby indywidualne &#8211; nieprowadz\u0105ce dzia\u0142alno\u015bci gospodarczej lub maj\u0105ce dzia\u0142alno\u015b\u0107 nierejestrowan\u0105; analizujemy umowy pod k\u0105tem podatkowym; oferujemy wsparcie podatkowe dla adwokat\u00f3w, radc\u00f3w prawnych i notariuszy.&hellip;&nbsp;<a href=\"https:\/\/akpodatki.pl\/index.php\/doradztwo-podatkowe\/\" class=\"\" rel=\"bookmark\">Czytaj dalej &raquo;<span class=\"screen-reader-text\">Doradztwo podatkowe<\/span><\/a><\/p>\n","protected":false},"author":3,"featured_media":0,"parent":0,"menu_order":0,"comment_status":"closed","ping_status":"closed","template":"","meta":{"neve_meta_sidebar":"full-width","neve_meta_container":"","neve_meta_enable_content_width":"on","neve_meta_content_width":100,"neve_meta_title_alignment":"","neve_meta_author_avatar":"","neve_post_elements_order":"","neve_meta_disable_header":"","neve_meta_disable_footer":"","neve_meta_disable_title":"","_ti_tpc_template_sync":false,"_ti_tpc_template_id":"","footnotes":""},"class_list":["post-340","page","type-page","status-publish","hentry"],"yoast_head":"<!-- This site is optimized with the Yoast SEO plugin v17.0 - https:\/\/yoast.com\/wordpress\/plugins\/seo\/ -->\n<title>Doradztwo podatkowe | Kancelaria Doradcy Podatkowego dr Artur K\u0142opotowski<\/title>\n<meta name=\"robots\" content=\"index, follow, max-snippet:-1, max-image-preview:large, max-video-preview:-1\" \/>\n<link rel=\"canonical\" href=\"https:\/\/akpodatki.pl\/index.php\/doradztwo-podatkowe\/\" \/>\n<meta property=\"og:locale\" content=\"pl_PL\" \/>\n<meta property=\"og:type\" content=\"article\" \/>\n<meta property=\"og:title\" content=\"Doradztwo podatkowe | Kancelaria Doradcy Podatkowego dr Artur K\u0142opotowski\" \/>\n<meta property=\"og:description\" content=\"Konsultacje podatkowe W ramach konsultacji podatkowych: sporz\u0105dzamy opinie i porady\u00a0w zakresie podatk\u00f3w dotycz\u0105ce zar\u00f3wno bie\u017c\u0105cych jak i planowanych przez Pa\u0144stwo dzia\u0142a\u0144; wspieramy przedsi\u0119biorc\u00f3w w zakresie wyboru formy opodatkowania i ZUS; obs\u0142ugujemy osoby indywidualne &#8211; nieprowadz\u0105ce dzia\u0142alno\u015bci gospodarczej lub maj\u0105ce dzia\u0142alno\u015b\u0107 nierejestrowan\u0105; analizujemy umowy pod k\u0105tem podatkowym; oferujemy wsparcie podatkowe dla adwokat\u00f3w, radc\u00f3w prawnych i notariuszy.&hellip;&nbsp;Czytaj dalej &raquo;Doradztwo podatkowe\" \/>\n<meta property=\"og:url\" content=\"https:\/\/akpodatki.pl\/index.php\/doradztwo-podatkowe\/\" \/>\n<meta property=\"og:site_name\" content=\"Kancelaria Doradcy Podatkowego dr Artur K\u0142opotowski\" \/>\n<meta property=\"og:image\" content=\"https:\/\/akpodatki.pl\/wp-content\/uploads\/2021\/12\/man-ge19a6765b_1920-e1639684714167-300x145.jpg\" \/>\n<meta name=\"twitter:card\" content=\"summary_large_image\" \/>\n<meta name=\"twitter:label1\" content=\"Szacowany czas czytania\" \/>\n\t<meta name=\"twitter:data1\" content=\"2 minuty\" \/>\n<script type=\"application\/ld+json\" class=\"yoast-schema-graph\">{\"@context\":\"https:\/\/schema.org\",\"@graph\":[{\"@type\":\"Organization\",\"@id\":\"https:\/\/akpodatki.pl\/#organization\",\"name\":\"Kancelaria doradcy podatkowego dr Artur K\\u0142opotowski\",\"url\":\"https:\/\/akpodatki.pl\/\",\"sameAs\":[],\"logo\":{\"@type\":\"ImageObject\",\"@id\":\"https:\/\/akpodatki.pl\/#logo\",\"inLanguage\":\"pl-PL\",\"url\":\"https:\/\/akpodatki.pl\/wp-content\/uploads\/2021\/12\/cropped-cropped-30A8D75F-D459-42FE-9A2B-B8EB1F042BA8.png\",\"contentUrl\":\"https:\/\/akpodatki.pl\/wp-content\/uploads\/2021\/12\/cropped-cropped-30A8D75F-D459-42FE-9A2B-B8EB1F042BA8.png\",\"width\":491,\"height\":471,\"caption\":\"Kancelaria doradcy podatkowego dr Artur K\\u0142opotowski\"},\"image\":{\"@id\":\"https:\/\/akpodatki.pl\/#logo\"}},{\"@type\":\"WebSite\",\"@id\":\"https:\/\/akpodatki.pl\/#website\",\"url\":\"https:\/\/akpodatki.pl\/\",\"name\":\"Kancelaria Doradcy Podatkowego\",\"description\":\"biuro rachunkowe i doradztwo podatkowe w Poznaniu\",\"publisher\":{\"@id\":\"https:\/\/akpodatki.pl\/#organization\"},\"potentialAction\":[{\"@type\":\"SearchAction\",\"target\":{\"@type\":\"EntryPoint\",\"urlTemplate\":\"https:\/\/akpodatki.pl\/?s={search_term_string}\"},\"query-input\":\"required name=search_term_string\"}],\"inLanguage\":\"pl-PL\"},{\"@type\":\"ImageObject\",\"@id\":\"https:\/\/akpodatki.pl\/index.php\/doradztwo-podatkowe\/#primaryimage\",\"inLanguage\":\"pl-PL\",\"url\":\"https:\/\/akpodatki.pl\/wp-content\/uploads\/2021\/12\/man-ge19a6765b_1920-e1639684714167.jpg\",\"contentUrl\":\"https:\/\/akpodatki.pl\/wp-content\/uploads\/2021\/12\/man-ge19a6765b_1920-e1639684714167.jpg\",\"width\":1920,\"height\":931},{\"@type\":\"WebPage\",\"@id\":\"https:\/\/akpodatki.pl\/index.php\/doradztwo-podatkowe\/#webpage\",\"url\":\"https:\/\/akpodatki.pl\/index.php\/doradztwo-podatkowe\/\",\"name\":\"Doradztwo podatkowe | Kancelaria Doradcy Podatkowego dr Artur K\\u0142opotowski\",\"isPartOf\":{\"@id\":\"https:\/\/akpodatki.pl\/#website\"},\"primaryImageOfPage\":{\"@id\":\"https:\/\/akpodatki.pl\/index.php\/doradztwo-podatkowe\/#primaryimage\"},\"datePublished\":\"2026-01-04T12:19:45+00:00\",\"dateModified\":\"2026-01-04T12:19:45+00:00\",\"breadcrumb\":{\"@id\":\"https:\/\/akpodatki.pl\/index.php\/doradztwo-podatkowe\/#breadcrumb\"},\"inLanguage\":\"pl-PL\",\"potentialAction\":[{\"@type\":\"ReadAction\",\"target\":[\"https:\/\/akpodatki.pl\/index.php\/doradztwo-podatkowe\/\"]}]},{\"@type\":\"BreadcrumbList\",\"@id\":\"https:\/\/akpodatki.pl\/index.php\/doradztwo-podatkowe\/#breadcrumb\",\"itemListElement\":[{\"@type\":\"ListItem\",\"position\":1,\"name\":\"Strona g\\u0142\\u00f3wna\",\"item\":\"https:\/\/akpodatki.pl\/\"},{\"@type\":\"ListItem\",\"position\":2,\"name\":\"Doradztwo podatkowe\"}]}]}<\/script>\n<!-- \/ Yoast SEO plugin. -->","yoast_head_json":{"title":"Doradztwo podatkowe | Kancelaria Doradcy Podatkowego dr Artur K\u0142opotowski","robots":{"index":"index","follow":"follow","max-snippet":"max-snippet:-1","max-image-preview":"max-image-preview:large","max-video-preview":"max-video-preview:-1"},"canonical":"https:\/\/akpodatki.pl\/index.php\/doradztwo-podatkowe\/","og_locale":"pl_PL","og_type":"article","og_title":"Doradztwo podatkowe | Kancelaria Doradcy Podatkowego dr Artur K\u0142opotowski","og_description":"Konsultacje podatkowe W ramach konsultacji podatkowych: sporz\u0105dzamy opinie i porady\u00a0w zakresie podatk\u00f3w dotycz\u0105ce zar\u00f3wno bie\u017c\u0105cych jak i planowanych przez Pa\u0144stwo dzia\u0142a\u0144; wspieramy przedsi\u0119biorc\u00f3w w zakresie wyboru formy opodatkowania i ZUS; obs\u0142ugujemy osoby indywidualne &#8211; nieprowadz\u0105ce dzia\u0142alno\u015bci gospodarczej lub maj\u0105ce dzia\u0142alno\u015b\u0107 nierejestrowan\u0105; analizujemy umowy pod k\u0105tem podatkowym; oferujemy wsparcie podatkowe dla adwokat\u00f3w, radc\u00f3w prawnych i notariuszy.&hellip;&nbsp;Czytaj dalej &raquo;Doradztwo podatkowe","og_url":"https:\/\/akpodatki.pl\/index.php\/doradztwo-podatkowe\/","og_site_name":"Kancelaria Doradcy Podatkowego dr Artur K\u0142opotowski","og_image":[{"url":"https:\/\/akpodatki.pl\/wp-content\/uploads\/2021\/12\/man-ge19a6765b_1920-e1639684714167-300x145.jpg"}],"twitter_card":"summary_large_image","twitter_misc":{"Szacowany czas czytania":"2 minuty"},"schema":{"@context":"https:\/\/schema.org","@graph":[{"@type":"Organization","@id":"https:\/\/akpodatki.pl\/#organization","name":"Kancelaria doradcy podatkowego dr Artur K\u0142opotowski","url":"https:\/\/akpodatki.pl\/","sameAs":[],"logo":{"@type":"ImageObject","@id":"https:\/\/akpodatki.pl\/#logo","inLanguage":"pl-PL","url":"https:\/\/akpodatki.pl\/wp-content\/uploads\/2021\/12\/cropped-cropped-30A8D75F-D459-42FE-9A2B-B8EB1F042BA8.png","contentUrl":"https:\/\/akpodatki.pl\/wp-content\/uploads\/2021\/12\/cropped-cropped-30A8D75F-D459-42FE-9A2B-B8EB1F042BA8.png","width":491,"height":471,"caption":"Kancelaria doradcy podatkowego dr Artur K\u0142opotowski"},"image":{"@id":"https:\/\/akpodatki.pl\/#logo"}},{"@type":"WebSite","@id":"https:\/\/akpodatki.pl\/#website","url":"https:\/\/akpodatki.pl\/","name":"Kancelaria Doradcy Podatkowego","description":"biuro rachunkowe i doradztwo podatkowe w Poznaniu","publisher":{"@id":"https:\/\/akpodatki.pl\/#organization"},"potentialAction":[{"@type":"SearchAction","target":{"@type":"EntryPoint","urlTemplate":"https:\/\/akpodatki.pl\/?s={search_term_string}"},"query-input":"required name=search_term_string"}],"inLanguage":"pl-PL"},{"@type":"ImageObject","@id":"https:\/\/akpodatki.pl\/index.php\/doradztwo-podatkowe\/#primaryimage","inLanguage":"pl-PL","url":"https:\/\/akpodatki.pl\/wp-content\/uploads\/2021\/12\/man-ge19a6765b_1920-e1639684714167.jpg","contentUrl":"https:\/\/akpodatki.pl\/wp-content\/uploads\/2021\/12\/man-ge19a6765b_1920-e1639684714167.jpg","width":1920,"height":931},{"@type":"WebPage","@id":"https:\/\/akpodatki.pl\/index.php\/doradztwo-podatkowe\/#webpage","url":"https:\/\/akpodatki.pl\/index.php\/doradztwo-podatkowe\/","name":"Doradztwo podatkowe | Kancelaria Doradcy Podatkowego dr Artur K\u0142opotowski","isPartOf":{"@id":"https:\/\/akpodatki.pl\/#website"},"primaryImageOfPage":{"@id":"https:\/\/akpodatki.pl\/index.php\/doradztwo-podatkowe\/#primaryimage"},"datePublished":"2026-01-04T12:19:45+00:00","dateModified":"2026-01-04T12:19:45+00:00","breadcrumb":{"@id":"https:\/\/akpodatki.pl\/index.php\/doradztwo-podatkowe\/#breadcrumb"},"inLanguage":"pl-PL","potentialAction":[{"@type":"ReadAction","target":["https:\/\/akpodatki.pl\/index.php\/doradztwo-podatkowe\/"]}]},{"@type":"BreadcrumbList","@id":"https:\/\/akpodatki.pl\/index.php\/doradztwo-podatkowe\/#breadcrumb","itemListElement":[{"@type":"ListItem","position":1,"name":"Strona g\u0142\u00f3wna","item":"https:\/\/akpodatki.pl\/"},{"@type":"ListItem","position":2,"name":"Doradztwo podatkowe"}]}]}},"_links":{"self":[{"href":"https:\/\/akpodatki.pl\/index.php\/wp-json\/wp\/v2\/pages\/340","targetHints":{"allow":["GET"]}}],"collection":[{"href":"https:\/\/akpodatki.pl\/index.php\/wp-json\/wp\/v2\/pages"}],"about":[{"href":"https:\/\/akpodatki.pl\/index.php\/wp-json\/wp\/v2\/types\/page"}],"author":[{"embeddable":true,"href":"https:\/\/akpodatki.pl\/index.php\/wp-json\/wp\/v2\/users\/3"}],"replies":[{"embeddable":true,"href":"https:\/\/akpodatki.pl\/index.php\/wp-json\/wp\/v2\/comments?post=340"}],"version-history":[{"count":2,"href":"https:\/\/akpodatki.pl\/index.php\/wp-json\/wp\/v2\/pages\/340\/revisions"}],"predecessor-version":[{"id":343,"href":"https:\/\/akpodatki.pl\/index.php\/wp-json\/wp\/v2\/pages\/340\/revisions\/343"}],"wp:attachment":[{"href":"https:\/\/akpodatki.pl\/index.php\/wp-json\/wp\/v2\/media?parent=340"}],"curies":[{"name":"wp","href":"https:\/\/api.w.org\/{rel}","templated":true}]}}