{"id":22,"date":"2021-03-25T12:46:52","date_gmt":"2021-03-25T12:46:52","guid":{"rendered":"https:\/\/akpodatki.pl\/?page_id=22"},"modified":"2026-01-02T12:45:02","modified_gmt":"2026-01-02T12:45:02","slug":"kontakt","status":"publish","type":"page","link":"https:\/\/akpodatki.pl\/index.php\/kontakt\/","title":{"rendered":"Kontakt"},"content":{"rendered":"<p><code><iframe loading=\"lazy\" style=\"border: 0;\" src=\"https:\/\/www.google.com\/maps\/embed?pb=!1m18!1m12!1m3!1d2499.2284245859037!2d16.93234721568772!3d52.43006955064262!2m3!1f0!2f0!3f0!3m2!1i1024!2i768!4f13.1!3m3!1m2!1s0x47045b5629e237e1%3A0xb372bf45b9be49ec!2sGronowa%2022%2C%2061-655%20Pozna%C5%84!5e1!3m2!1sen!2spl!4v1617006072747!5m2!1sen!2spl\" width=\"1200\" height=\"450\" allowfullscreen=\"allowfullscreen\" data-mce-fragment=\"1\"><span data-mce-type=\"bookmark\" style=\"display: inline-block; width: 0px; overflow: hidden; line-height: 0;\" class=\"mce_SELRES_start\">\ufeff<\/span><\/iframe><\/code><\/p>\r\n<p><strong data-start=\"126\" data-end=\"192\">Szukasz biura rachunkowego lub doradcy podatkowego?<\/strong><br data-start=\"192\" data-end=\"195\" \/>Zapewniamy obs\u0142ug\u0119 ksi\u0119gow\u0105 oraz doradztwo podatkowe dla firm i klient\u00f3w indywidualnych. Skontaktuj si\u0119 z nami \u2013&gt; odpowiemy na pytania i zaproponujemy rozwi\u0105zania dopasowane do Twoich potrzeb.<\/p>\r\n<p>Siedziba naszej firmy znajduje si\u0119 w dogodnej lokalizacji na pozna\u0144skich Winogradach (ul. Gronowa 22). Us\u0142ugi ksi\u0119gowe i doradztwo podatkowe dla klient\u00f3w spoza Poznania \u015bwiadczymy online w formie zdalnej.<\/p>\r\n<p>Dane kontaktowe:<\/p>\r\n<p><!-- \/wp:post-content -->\r\n\r\n<!-- wp:paragraph --><\/p>\r\n<p><strong>E-MAIL og\u00f3lny do kancelarii i b<\/strong><strong>iura rachunkowego<\/strong><strong>: <\/strong><a href=\"mailto:kancelaria@akpodatki.pl\">kancelaria@akpodatki.pl<\/a><\/p>\r\n<p><strong>E-MAIL\u00a0 do doradcy podatkowego:<\/strong>\u00a0<a href=\"mailto:artur.klopotowski@akpodatki.pl\">artur.klopotowski@akpodatki.pl<\/a><\/p>\r\n<p><strong>TELEFON:<\/strong> +48 691 602 912<\/p>\r\n<p><!-- \/wp:paragraph -->\r\n\r\n<!-- wp:paragraph --><\/p>\r\n<p><strong>ADRES: <\/strong>ul. Gronowa 22 lok. 1216, 61-655 Pozna\u0144\u00a0<\/p>\r\n<p>(biuro znajduje si\u0119 na 12 pi\u0119trze budynku; po wyj\u015bciu z windy prosz\u0119 kierowa\u0107 si\u0119 w stron\u0119 klatki schodowej)<\/p>\r\n<!-- \/wp:paragraph --><!-- \/wp:group --><!-- \/wp:column -->\r\n<p><!-- \/wp:columns --><\/p>\r\n<p>&nbsp;<\/p>","protected":false},"excerpt":{"rendered":"<p>\ufeff Szukasz biura rachunkowego lub doradcy podatkowego?Zapewniamy obs\u0142ug\u0119 ksi\u0119gow\u0105 oraz doradztwo podatkowe dla firm i klient\u00f3w indywidualnych. Skontaktuj si\u0119 z nami \u2013&gt; odpowiemy na pytania i zaproponujemy rozwi\u0105zania dopasowane do Twoich potrzeb. Siedziba naszej firmy znajduje si\u0119 w dogodnej lokalizacji na pozna\u0144skich Winogradach (ul. Gronowa 22). Us\u0142ugi ksi\u0119gowe i doradztwo podatkowe dla klient\u00f3w spoza Poznania&hellip;&nbsp;<a href=\"https:\/\/akpodatki.pl\/index.php\/kontakt\/\" class=\"\" rel=\"bookmark\">Czytaj dalej &raquo;<span class=\"screen-reader-text\">Kontakt<\/span><\/a><\/p>\n","protected":false},"author":1,"featured_media":277,"parent":0,"menu_order":0,"comment_status":"closed","ping_status":"closed","template":"","meta":{"neve_meta_sidebar":"","neve_meta_container":"","neve_meta_enable_content_width":"off","neve_meta_content_width":70,"neve_meta_title_alignment":"","neve_meta_author_avatar":"","neve_post_elements_order":"","neve_meta_disable_header":"","neve_meta_disable_footer":"","neve_meta_disable_title":"","_ti_tpc_template_sync":false,"_ti_tpc_template_id":"","footnotes":""},"class_list":["post-22","page","type-page","status-publish","has-post-thumbnail","hentry"],"yoast_head":"<!-- This site is optimized with the Yoast SEO plugin v17.0 - https:\/\/yoast.com\/wordpress\/plugins\/seo\/ -->\n<title>Kontakt | Kancelaria Doradcy Podatkowego dr Artur K\u0142opotowski<\/title>\n<meta name=\"description\" content=\"Dane kontaktowe z Kancelari\u0105 doradcy podatkowego i biurem rachunkowym na pozna\u0144skich Winogradach.\" \/>\n<meta name=\"robots\" content=\"index, follow, max-snippet:-1, max-image-preview:large, max-video-preview:-1\" \/>\n<link rel=\"canonical\" href=\"https:\/\/akpodatki.pl\/index.php\/kontakt\/\" \/>\n<meta property=\"og:locale\" content=\"pl_PL\" \/>\n<meta property=\"og:type\" content=\"article\" \/>\n<meta property=\"og:title\" content=\"Kontakt | Kancelaria Doradcy Podatkowego dr Artur K\u0142opotowski\" \/>\n<meta property=\"og:description\" content=\"Dane kontaktowe z Kancelari\u0105 doradcy podatkowego i biurem rachunkowym na pozna\u0144skich Winogradach.\" \/>\n<meta property=\"og:url\" content=\"https:\/\/akpodatki.pl\/index.php\/kontakt\/\" \/>\n<meta property=\"og:site_name\" content=\"Kancelaria Doradcy Podatkowego dr Artur K\u0142opotowski\" \/>\n<meta property=\"article:modified_time\" content=\"2026-01-02T12:45:02+00:00\" \/>\n<meta property=\"og:image\" content=\"https:\/\/akpodatki.pl\/wp-content\/uploads\/2021\/12\/cropped-cropped-30A8D75F-D459-42FE-9A2B-B8EB1F042BA8.png\" \/>\n\t<meta property=\"og:image:width\" content=\"491\" \/>\n\t<meta property=\"og:image:height\" content=\"471\" \/>\n<meta name=\"twitter:card\" content=\"summary_large_image\" \/>\n<meta name=\"twitter:label1\" content=\"Szacowany czas czytania\" \/>\n\t<meta name=\"twitter:data1\" content=\"1 minuta\" \/>\n<script type=\"application\/ld+json\" class=\"yoast-schema-graph\">{\"@context\":\"https:\/\/schema.org\",\"@graph\":[{\"@type\":\"Organization\",\"@id\":\"https:\/\/akpodatki.pl\/#organization\",\"name\":\"Kancelaria doradcy podatkowego dr Artur K\\u0142opotowski\",\"url\":\"https:\/\/akpodatki.pl\/\",\"sameAs\":[],\"logo\":{\"@type\":\"ImageObject\",\"@id\":\"https:\/\/akpodatki.pl\/#logo\",\"inLanguage\":\"pl-PL\",\"url\":\"https:\/\/akpodatki.pl\/wp-content\/uploads\/2021\/12\/cropped-cropped-30A8D75F-D459-42FE-9A2B-B8EB1F042BA8.png\",\"contentUrl\":\"https:\/\/akpodatki.pl\/wp-content\/uploads\/2021\/12\/cropped-cropped-30A8D75F-D459-42FE-9A2B-B8EB1F042BA8.png\",\"width\":491,\"height\":471,\"caption\":\"Kancelaria doradcy podatkowego dr Artur K\\u0142opotowski\"},\"image\":{\"@id\":\"https:\/\/akpodatki.pl\/#logo\"}},{\"@type\":\"WebSite\",\"@id\":\"https:\/\/akpodatki.pl\/#website\",\"url\":\"https:\/\/akpodatki.pl\/\",\"name\":\"Kancelaria Doradcy Podatkowego\",\"description\":\"biuro rachunkowe i doradztwo podatkowe w Poznaniu\",\"publisher\":{\"@id\":\"https:\/\/akpodatki.pl\/#organization\"},\"potentialAction\":[{\"@type\":\"SearchAction\",\"target\":{\"@type\":\"EntryPoint\",\"urlTemplate\":\"https:\/\/akpodatki.pl\/?s={search_term_string}\"},\"query-input\":\"required name=search_term_string\"}],\"inLanguage\":\"pl-PL\"},{\"@type\":\"ImageObject\",\"@id\":\"https:\/\/akpodatki.pl\/index.php\/kontakt\/#primaryimage\",\"inLanguage\":\"pl-PL\",\"url\":\"https:\/\/akpodatki.pl\/wp-content\/uploads\/2021\/12\/cropped-cropped-30A8D75F-D459-42FE-9A2B-B8EB1F042BA8.png\",\"contentUrl\":\"https:\/\/akpodatki.pl\/wp-content\/uploads\/2021\/12\/cropped-cropped-30A8D75F-D459-42FE-9A2B-B8EB1F042BA8.png\",\"width\":491,\"height\":471},{\"@type\":\"WebPage\",\"@id\":\"https:\/\/akpodatki.pl\/index.php\/kontakt\/#webpage\",\"url\":\"https:\/\/akpodatki.pl\/index.php\/kontakt\/\",\"name\":\"Kontakt | Kancelaria Doradcy Podatkowego dr Artur K\\u0142opotowski\",\"isPartOf\":{\"@id\":\"https:\/\/akpodatki.pl\/#website\"},\"primaryImageOfPage\":{\"@id\":\"https:\/\/akpodatki.pl\/index.php\/kontakt\/#primaryimage\"},\"datePublished\":\"2021-03-25T12:46:52+00:00\",\"dateModified\":\"2026-01-02T12:45:02+00:00\",\"description\":\"Dane kontaktowe z Kancelari\\u0105 doradcy podatkowego i biurem rachunkowym na pozna\\u0144skich Winogradach.\",\"breadcrumb\":{\"@id\":\"https:\/\/akpodatki.pl\/index.php\/kontakt\/#breadcrumb\"},\"inLanguage\":\"pl-PL\",\"potentialAction\":[{\"@type\":\"ReadAction\",\"target\":[\"https:\/\/akpodatki.pl\/index.php\/kontakt\/\"]}]},{\"@type\":\"BreadcrumbList\",\"@id\":\"https:\/\/akpodatki.pl\/index.php\/kontakt\/#breadcrumb\",\"itemListElement\":[{\"@type\":\"ListItem\",\"position\":1,\"name\":\"Strona g\\u0142\\u00f3wna\",\"item\":\"https:\/\/akpodatki.pl\/\"},{\"@type\":\"ListItem\",\"position\":2,\"name\":\"Kontakt\"}]}]}<\/script>\n<!-- \/ Yoast SEO plugin. -->","yoast_head_json":{"title":"Kontakt | Kancelaria Doradcy Podatkowego dr Artur K\u0142opotowski","description":"Dane kontaktowe z Kancelari\u0105 doradcy podatkowego i biurem rachunkowym na pozna\u0144skich Winogradach.","robots":{"index":"index","follow":"follow","max-snippet":"max-snippet:-1","max-image-preview":"max-image-preview:large","max-video-preview":"max-video-preview:-1"},"canonical":"https:\/\/akpodatki.pl\/index.php\/kontakt\/","og_locale":"pl_PL","og_type":"article","og_title":"Kontakt | Kancelaria Doradcy Podatkowego dr Artur K\u0142opotowski","og_description":"Dane kontaktowe z Kancelari\u0105 doradcy podatkowego i biurem rachunkowym na pozna\u0144skich Winogradach.","og_url":"https:\/\/akpodatki.pl\/index.php\/kontakt\/","og_site_name":"Kancelaria Doradcy Podatkowego dr Artur K\u0142opotowski","article_modified_time":"2026-01-02T12:45:02+00:00","og_image":[{"width":491,"height":471,"url":"https:\/\/akpodatki.pl\/wp-content\/uploads\/2021\/12\/cropped-cropped-30A8D75F-D459-42FE-9A2B-B8EB1F042BA8.png","path":"\/var\/www\/vhosts\/akpodatki.pl\/httpdocs\/wp-content\/uploads\/2021\/12\/cropped-cropped-30A8D75F-D459-42FE-9A2B-B8EB1F042BA8.png","size":"full","id":277,"alt":"","pixels":231261,"type":"image\/png"}],"twitter_card":"summary_large_image","twitter_misc":{"Szacowany czas czytania":"1 minuta"},"schema":{"@context":"https:\/\/schema.org","@graph":[{"@type":"Organization","@id":"https:\/\/akpodatki.pl\/#organization","name":"Kancelaria doradcy podatkowego dr Artur K\u0142opotowski","url":"https:\/\/akpodatki.pl\/","sameAs":[],"logo":{"@type":"ImageObject","@id":"https:\/\/akpodatki.pl\/#logo","inLanguage":"pl-PL","url":"https:\/\/akpodatki.pl\/wp-content\/uploads\/2021\/12\/cropped-cropped-30A8D75F-D459-42FE-9A2B-B8EB1F042BA8.png","contentUrl":"https:\/\/akpodatki.pl\/wp-content\/uploads\/2021\/12\/cropped-cropped-30A8D75F-D459-42FE-9A2B-B8EB1F042BA8.png","width":491,"height":471,"caption":"Kancelaria doradcy podatkowego dr Artur K\u0142opotowski"},"image":{"@id":"https:\/\/akpodatki.pl\/#logo"}},{"@type":"WebSite","@id":"https:\/\/akpodatki.pl\/#website","url":"https:\/\/akpodatki.pl\/","name":"Kancelaria Doradcy Podatkowego","description":"biuro rachunkowe i doradztwo podatkowe w Poznaniu","publisher":{"@id":"https:\/\/akpodatki.pl\/#organization"},"potentialAction":[{"@type":"SearchAction","target":{"@type":"EntryPoint","urlTemplate":"https:\/\/akpodatki.pl\/?s={search_term_string}"},"query-input":"required name=search_term_string"}],"inLanguage":"pl-PL"},{"@type":"ImageObject","@id":"https:\/\/akpodatki.pl\/index.php\/kontakt\/#primaryimage","inLanguage":"pl-PL","url":"https:\/\/akpodatki.pl\/wp-content\/uploads\/2021\/12\/cropped-cropped-30A8D75F-D459-42FE-9A2B-B8EB1F042BA8.png","contentUrl":"https:\/\/akpodatki.pl\/wp-content\/uploads\/2021\/12\/cropped-cropped-30A8D75F-D459-42FE-9A2B-B8EB1F042BA8.png","width":491,"height":471},{"@type":"WebPage","@id":"https:\/\/akpodatki.pl\/index.php\/kontakt\/#webpage","url":"https:\/\/akpodatki.pl\/index.php\/kontakt\/","name":"Kontakt | Kancelaria Doradcy Podatkowego dr Artur K\u0142opotowski","isPartOf":{"@id":"https:\/\/akpodatki.pl\/#website"},"primaryImageOfPage":{"@id":"https:\/\/akpodatki.pl\/index.php\/kontakt\/#primaryimage"},"datePublished":"2021-03-25T12:46:52+00:00","dateModified":"2026-01-02T12:45:02+00:00","description":"Dane kontaktowe z Kancelari\u0105 doradcy podatkowego i biurem rachunkowym na pozna\u0144skich Winogradach.","breadcrumb":{"@id":"https:\/\/akpodatki.pl\/index.php\/kontakt\/#breadcrumb"},"inLanguage":"pl-PL","potentialAction":[{"@type":"ReadAction","target":["https:\/\/akpodatki.pl\/index.php\/kontakt\/"]}]},{"@type":"BreadcrumbList","@id":"https:\/\/akpodatki.pl\/index.php\/kontakt\/#breadcrumb","itemListElement":[{"@type":"ListItem","position":1,"name":"Strona g\u0142\u00f3wna","item":"https:\/\/akpodatki.pl\/"},{"@type":"ListItem","position":2,"name":"Kontakt"}]}]}},"_links":{"self":[{"href":"https:\/\/akpodatki.pl\/index.php\/wp-json\/wp\/v2\/pages\/22","targetHints":{"allow":["GET"]}}],"collection":[{"href":"https:\/\/akpodatki.pl\/index.php\/wp-json\/wp\/v2\/pages"}],"about":[{"href":"https:\/\/akpodatki.pl\/index.php\/wp-json\/wp\/v2\/types\/page"}],"author":[{"embeddable":true,"href":"https:\/\/akpodatki.pl\/index.php\/wp-json\/wp\/v2\/users\/1"}],"replies":[{"embeddable":true,"href":"https:\/\/akpodatki.pl\/index.php\/wp-json\/wp\/v2\/comments?post=22"}],"version-history":[{"count":23,"href":"https:\/\/akpodatki.pl\/index.php\/wp-json\/wp\/v2\/pages\/22\/revisions"}],"predecessor-version":[{"id":339,"href":"https:\/\/akpodatki.pl\/index.php\/wp-json\/wp\/v2\/pages\/22\/revisions\/339"}],"wp:featuredmedia":[{"embeddable":true,"href":"https:\/\/akpodatki.pl\/index.php\/wp-json\/wp\/v2\/media\/277"}],"wp:attachment":[{"href":"https:\/\/akpodatki.pl\/index.php\/wp-json\/wp\/v2\/media?parent=22"}],"curies":[{"name":"wp","href":"https:\/\/api.w.org\/{rel}","templated":true}]}}